{"id":7,"date":"2021-11-15T06:27:26","date_gmt":"2021-11-15T06:27:26","guid":{"rendered":"https:\/\/socialsmart.tv\/home\/?page_id=7"},"modified":"2022-02-26T09:47:24","modified_gmt":"2022-02-26T09:47:24","slug":"contact","status":"publish","type":"page","link":"https:\/\/socialsmart.tv\/home\/contact\/","title":{"rendered":"\u0130leti\u015fim"},"content":{"rendered":"\t\t<div data-elementor-type=\"wp-page\" data-elementor-id=\"7\" class=\"elementor elementor-7\">\n\t\t\t\t\t\t<section class=\"elementor-section elementor-top-section elementor-element elementor-element-fc0c27e elementor-section-full_width elementor-section-height-default elementor-section-height-default\" data-id=\"fc0c27e\" data-element_type=\"section\">\n\t\t\t\t\t\t<div class=\"elementor-container elementor-column-gap-no\">\n\t\t\t\t\t<div class=\"elementor-column elementor-col-100 elementor-top-column elementor-element elementor-element-e89c37b\" data-id=\"e89c37b\" data-element_type=\"column\">\n\t\t\t<div class=\"elementor-widget-wrap elementor-element-populated\">\n\t\t\t\t\t\t<div class=\"elementor-element elementor-element-fb8335d elementor-widget elementor-widget-contact\" data-id=\"fb8335d\" data-element_type=\"widget\" data-widget_type=\"contact.default\">\n\t\t\t\t<div class=\"elementor-widget-container\">\n\t\t\t\t\t        \r\n        \t\t\t<!-- START CONTACT INFO AREA -->\r\n\t\t\t<section class=\"contact-info-area pt-70\">\r\n\t\t\t\t<div class=\"container\">\r\n\t\t\t\t\t<div class=\"row\">\r\n\t\t\t            \t                        <div class=\"col-lg-3 col-sm-6\">\r\n\t                        \t<div class=\"single-contact-info\">\r\n\t                        \t\t\t                            \t    <i class=\"bx bx-envelope\"><\/i>\r\n\t                            \t\t\t                            <h3>\r\n\t\t                            \tEmail:\t\t                            <\/h3>\r\n\t\t                            <p>serhan@taksimbilisim.com<\/p>\t\t                        <\/div>\r\n\t                        <\/div>\r\n\t                    \t                        <div class=\"col-lg-3 col-sm-6\">\r\n\t                        \t<div class=\"single-contact-info\">\r\n\t                        \t\t\t                            \t    <i class=\"bx bx-phone-call\"><\/i>\r\n\t                            \t\t\t                            <h3>\r\n\t\t                            \tBize Ula\u015f\u0131n:\t\t                            <\/h3>\r\n\t\t                            <p>Tel: +90 (533) 939 09 29<\/p>\t\t                        <\/div>\r\n\t                        <\/div>\r\n\t                    \t                        <div class=\"col-lg-3 col-sm-6\">\r\n\t                        \t<div class=\"single-contact-info\">\r\n\t                        \t\t\t                            \t    <i class=\"bx bx-location-plus\"><\/i>\r\n\t                            \t\t\t                            <h3>\r\n\t\t                            \tAdres:\t\t                            <\/h3>\r\n\t\t                            <p>Dumlup\u0131nar Mah. Cihan \u00c7\u0131kmaz\u0131 Sk. Teknik Yap\u0131 Concord \u0130stanbul 1. Etap C Blok D 20 Kad\u0131k\u00f6y \/ \u0130STANBUL<\/p>\t\t                        <\/div>\r\n\t                        <\/div>\r\n\t                    \t                        <div class=\"col-lg-3 col-sm-6\">\r\n\t                        \t<div class=\"single-contact-info\">\r\n\t                        \t\t\t                            \t    <i class=\"bx bx-support\"><\/i>\r\n\t                            \t\t\t                            <h3>\r\n\t\t                            \tWhatsApp:\t\t                            <\/h3>\r\n\t\t                            <p>+90 (533) 939 09 29<\/p>\t\t                        <\/div>\r\n\t                        <\/div>\r\n\t                    \t\t\t\t\t<\/div>\r\n\t\t\t\t<\/div>\r\n\t\t\t<\/section>\r\n\t\t\t<!-- START CONTACT INFO AREA -->\r\n\t    \r\n\t\t<!-- START CONTACT FORM AREA -->\r\n        <section class=\"main-contact-area ptb-70\">\r\n            <div class=\"container\">\r\n                <div class=\"section-title\">\r\n                    <h2>Mesaj B\u0131rak\u0131n<\/h2>\r\n                    <p>L\u00fctfen telefondan direkt ula\u015f\u0131n\u0131z.<\/p>\r\n                <\/div>\r\n                <div class=\"row\">\r\n                    <div class=\"col-lg-6\">\r\n                    \t<div class=\"contact-wrap contact-pages mb-0\">\r\n                    \t\t<div class=\"contact-form\">\r\n\t\t\t                    <p class=\"wpcf7-contact-form-not-found\"><strong>Hata:<\/strong> \u0130leti\u015fim formu bulunamad\u0131.<\/p>\t\t\t                <\/div>\r\n\t\t                <\/div>\r\n                    <\/div>\r\n                    \t\t\t\t        <!-- START MAP AREA -->\r\n\t\t\t\t        <div class=\"col-lg-6\">\r\n\t\t\t\t\t\t\t<div class=\"map-area\">\r\n\t\t\t\t\t\t\t\t<iframe src=\"https:\/\/www.google.com\/maps\/embed?pb=!1m18!1m12!1m3!1d3011.430912795093!2d29.06074781566739!3d40.99394067930219!2m3!1f0!2f0!3f0!3m2!1i1024!2i768!4f13.1!3m3!1m2!1s0x14caba3819050fbf%3A0x2d654ab2d6034182!2sTaksim%20Bili%C5%9Fim!5e0!3m2!1str!2str!4v1645868747876!5m2!1str!2str\" width=\"400\" height=\"300\" style=\"border:0;\" allowfullscreen=\"\" loading=\"lazy\"><\/iframe>\t\t\t\t\t\t\t<\/div>\r\n\t\t\t\t\t\t<\/div>\r\n\t\t\t\t\t    <!-- END MAP AREA -->\r\n\t\t\t\t     \r\n\t\t\t    <\/div>      \r\n            <\/div>\r\n        <\/section>\r\n        <!-- END CONTACT FORM AREA -->\r\n     \r\n    \t\t\t\t<\/div>\n\t\t\t\t<\/div>\n\t\t\t\t\t<\/div>\n\t\t<\/div>\n\t\t\t\t\t<\/div>\n\t\t<\/section>\n\t\t\t\t<\/div>\n\t\t","protected":false},"excerpt":{"rendered":"<p>Email: serhan@taksimbilisim.com Bize Ula\u015f\u0131n: Tel: +90 (533) 939 09 29 Adres: Dumlup\u0131nar Mah. Cihan \u00c7\u0131kmaz\u0131 Sk. Teknik Yap\u0131 Concord \u0130stanbul 1. Etap C Blok D 20 Kad\u0131k\u00f6y \/ \u0130STANBUL WhatsApp: +90 (533) 939 09 29 Mesaj B\u0131rak\u0131n L\u00fctfen telefondan direkt ula\u015f\u0131n\u0131z.<\/p>\n","protected":false},"author":2,"featured_media":0,"parent":0,"menu_order":0,"comment_status":"closed","ping_status":"closed","template":"template-parts\/page-full-width.php","meta":{"footnotes":""},"class_list":["post-7","page","type-page","status-publish","hentry"],"_links":{"self":[{"href":"https:\/\/socialsmart.tv\/home\/wp-json\/wp\/v2\/pages\/7","targetHints":{"allow":["GET"]}}],"collection":[{"href":"https:\/\/socialsmart.tv\/home\/wp-json\/wp\/v2\/pages"}],"about":[{"href":"https:\/\/socialsmart.tv\/home\/wp-json\/wp\/v2\/types\/page"}],"author":[{"embeddable":true,"href":"https:\/\/socialsmart.tv\/home\/wp-json\/wp\/v2\/users\/2"}],"replies":[{"embeddable":true,"href":"https:\/\/socialsmart.tv\/home\/wp-json\/wp\/v2\/comments?post=7"}],"version-history":[{"count":25,"href":"https:\/\/socialsmart.tv\/home\/wp-json\/wp\/v2\/pages\/7\/revisions"}],"predecessor-version":[{"id":796,"href":"https:\/\/socialsmart.tv\/home\/wp-json\/wp\/v2\/pages\/7\/revisions\/796"}],"wp:attachment":[{"href":"https:\/\/socialsmart.tv\/home\/wp-json\/wp\/v2\/media?parent=7"}],"curies":[{"name":"wp","href":"https:\/\/api.w.org\/{rel}","templated":true}]}}