{"id":6,"date":"2021-11-15T06:27:25","date_gmt":"2021-11-15T06:27:25","guid":{"rendered":"https:\/\/socialsmart.tv\/home\/?page_id=6"},"modified":"2022-02-26T09:39:28","modified_gmt":"2022-02-26T09:39:28","slug":"about-us","status":"publish","type":"page","link":"https:\/\/socialsmart.tv\/home\/about-us\/","title":{"rendered":"Hakk\u0131m\u0131zda"},"content":{"rendered":"\t\t<div data-elementor-type=\"wp-page\" data-elementor-id=\"6\" class=\"elementor elementor-6\">\n\t\t\t\t\t\t<section class=\"elementor-section elementor-top-section elementor-element elementor-element-2f0fd49 elementor-section-full_width elementor-section-height-default elementor-section-height-default\" data-id=\"2f0fd49\" data-element_type=\"section\">\n\t\t\t\t\t\t<div class=\"elementor-container elementor-column-gap-no\">\n\t\t\t\t\t<div class=\"elementor-column elementor-col-100 elementor-top-column elementor-element elementor-element-8cc28b7\" data-id=\"8cc28b7\" data-element_type=\"column\">\n\t\t\t<div class=\"elementor-widget-wrap elementor-element-populated\">\n\t\t\t\t\t\t<div class=\"elementor-element elementor-element-77ddbda elementor-widget elementor-widget-about-us\" data-id=\"77ddbda\" data-element_type=\"widget\" data-widget_type=\"about-us.default\">\n\t\t\t\t<div class=\"elementor-widget-container\">\n\t\t\t\t\t\r\n        <!-- About Button Link -->\r\n                \r\n                    <!-- START ABOUT AREA -->\r\n            <section class=\"about-area ptb-70\">\r\n                <div class=\"container\">\r\n                    <div class=\"row align-items-center\">\r\n                        <div class=\"col-lg-6\">\r\n                            <div class=\"about-text\">\r\n                                <span class=\"top-title\">Hakk\u0131m\u0131zda<\/span>\r\n                                <h2>SocialSmartTV bir Taksim Bili\u015fim Markas\u0131d\u0131r.<\/h2>\r\n                                <p><h4>10 y\u0131l\u0131 a\u015fk\u0131n s\u00fcredir m\u00fc\u015fterilerimize canl\u0131 yay\u0131n ve webtv yay\u0131nlar\u0131 ile ilgili hizmet vermekteyiz.<\/h4>\n\n<p>\u015eirketimiz 2008 y\u0131l\u0131nda kurulmu\u015f bir firmad\u0131r. Alanlar\u0131nda uzman olan arkada\u015flar bir araya gelip bir ekip olu\u015fturduk.\n\nHepimiz bilgimizi, eme\u011fimizi ve yeteneklerimizi birle\u015ftirdik ve alan\u0131m\u0131z ile ilgili bir firma kurduk.\n\nAmac\u0131m\u0131z sizlerin i\u015f alan\u0131nda bulunan estetik \u00f6\u011felerden m\u00fcmk\u00fcn oldu\u011funca yararlanarak, mesaj\u0131n al\u0131c\u0131ya do\u011fru ve net iletildi\u011fi, ele\u015ftirilebilir y\u00f6nleri m\u00fcmk\u00fcn oldu\u011funca az ve estetik a\u00e7\u0131dan hedeflenen \u00f6l\u00e7\u00fcde zengin \u00e7al\u0131\u015fmalar \u00fcretmektir.\n\nDaha \u00f6nce yap\u0131lmayan\u0131 yapmak ve d\u00fc\u015f\u00fcn\u00fclmeyeni \u00fcretmek ile taklit\u00e7ilik aras\u0131ndaki fark\u0131 bilen sayg\u0131de\u011fer m\u00fc\u015fterilerimizle say\u0131s\u0131z projeye imza atabilmek i\u00e7in \u00e7ok heyecan duymaktay\u0131z.\n\nFirmam\u0131z \u015fah\u0131s firmas\u0131 olup \u00fcnvan\u0131 Serhan VARHAN Taksim Bili\u015fim\u2019dir.\n\nDumlup\u0131nar Mah. Yumurtac\u0131 Abdibey Cad. Teknik Yap\u0131 Concord \u0130stanbul C Blok D 20 Kad\u0131k\u00f6y \u0130stanbul\n\nG\u00f6ztepe VD. 16315604512\n\nTicaret Sicil No: 61103-5<\/p><\/p>\r\n                               \r\n                                <!-- Button Part Start --> \r\n                                                                    <a href=\"https:\/\/taksimbilisim.com\"  target=\"_blank\"  rel=\"nofollow\" class=\"sceo-default-btn\">Taksim Bili\u015fim&#039;e Git<\/a>\r\n                                                                <!-- Button Part End -->\r\n\r\n                            <\/div>\r\n                        <\/div>\r\n\r\n                        <div class=\"col-lg-6\">\r\n                            <div class=\"about-img mt-0\">\r\n                                                                    <img decoding=\"async\" src=\"https:\/\/socialsmart.tv\/home\/wp-content\/uploads\/2021\/11\/about-img.png\" alt=\"Image\">\r\n                                                            <\/div>\r\n                        <\/div>\r\n                    <\/div>\r\n                <\/div>\r\n            <\/section>\r\n            <!-- END ABOUT AREA -->\r\n                \r\n        \t\t\t\t<\/div>\n\t\t\t\t<\/div>\n\t\t\t\t\t<\/div>\n\t\t<\/div>\n\t\t\t\t\t<\/div>\n\t\t<\/section>\n\t\t\t\t<\/div>\n\t\t","protected":false},"excerpt":{"rendered":"<p>Hakk\u0131m\u0131zda SocialSmartTV bir Taksim Bili\u015fim Markas\u0131d\u0131r. 10 y\u0131l\u0131 a\u015fk\u0131n s\u00fcredir m\u00fc\u015fterilerimize canl\u0131 yay\u0131n ve webtv yay\u0131nlar\u0131 ile ilgili hizmet vermekteyiz. \u015eirketimiz 2008 y\u0131l\u0131nda kurulmu\u015f bir firmad\u0131r. Alanlar\u0131nda uzman olan arkada\u015flar bir araya gelip bir ekip olu\u015fturduk. Hepimiz bilgimizi, eme\u011fimizi ve yeteneklerimizi birle\u015ftirdik ve alan\u0131m\u0131z ile ilgili bir firma kurduk. Amac\u0131m\u0131z sizlerin i\u015f alan\u0131nda bulunan estetik [&hellip;]<\/p>\n","protected":false},"author":2,"featured_media":0,"parent":0,"menu_order":0,"comment_status":"closed","ping_status":"closed","template":"template-parts\/page-full-width.php","meta":{"footnotes":""},"class_list":["post-6","page","type-page","status-publish","hentry"],"_links":{"self":[{"href":"https:\/\/socialsmart.tv\/home\/wp-json\/wp\/v2\/pages\/6","targetHints":{"allow":["GET"]}}],"collection":[{"href":"https:\/\/socialsmart.tv\/home\/wp-json\/wp\/v2\/pages"}],"about":[{"href":"https:\/\/socialsmart.tv\/home\/wp-json\/wp\/v2\/types\/page"}],"author":[{"embeddable":true,"href":"https:\/\/socialsmart.tv\/home\/wp-json\/wp\/v2\/users\/2"}],"replies":[{"embeddable":true,"href":"https:\/\/socialsmart.tv\/home\/wp-json\/wp\/v2\/comments?post=6"}],"version-history":[{"count":7,"href":"https:\/\/socialsmart.tv\/home\/wp-json\/wp\/v2\/pages\/6\/revisions"}],"predecessor-version":[{"id":779,"href":"https:\/\/socialsmart.tv\/home\/wp-json\/wp\/v2\/pages\/6\/revisions\/779"}],"wp:attachment":[{"href":"https:\/\/socialsmart.tv\/home\/wp-json\/wp\/v2\/media?parent=6"}],"curies":[{"name":"wp","href":"https:\/\/api.w.org\/{rel}","templated":true}]}}