{"id":30,"date":"2021-11-15T10:19:06","date_gmt":"2021-11-15T10:19:06","guid":{"rendered":"https:\/\/socialsmart.tv\/home\/?page_id=30"},"modified":"2022-02-26T14:36:14","modified_gmt":"2022-02-26T14:36:14","slug":"homepage-one","status":"publish","type":"page","link":"https:\/\/socialsmart.tv\/home\/","title":{"rendered":"Homepage One"},"content":{"rendered":"\t\t<div data-elementor-type=\"wp-page\" data-elementor-id=\"30\" class=\"elementor elementor-30\">\n\t\t\t\t\t\t<section class=\"elementor-section elementor-top-section elementor-element elementor-element-373bddec elementor-section-full_width elementor-section-height-default elementor-section-height-default\" data-id=\"373bddec\" data-element_type=\"section\">\n\t\t\t\t\t\t<div class=\"elementor-container elementor-column-gap-no\">\n\t\t\t\t\t<div class=\"elementor-column elementor-col-100 elementor-top-column elementor-element elementor-element-60707a0f\" data-id=\"60707a0f\" data-element_type=\"column\">\n\t\t\t<div class=\"elementor-widget-wrap elementor-element-populated\">\n\t\t\t\t\t\t<div class=\"elementor-element elementor-element-1f28c784 elementor-widget elementor-widget-banner\" data-id=\"1f28c784\" data-element_type=\"widget\" data-widget_type=\"banner.default\">\n\t\t\t\t<div class=\"elementor-widget-container\">\n\t\t\t\t\t\r\n        <!-- Banner Button Link -->\r\n                \r\n        \r\n            <!-- START BANNER ONE AREA -->\r\n    \t\t<section class=\"banner-area banner-area-one\">\r\n                <div class=\"d-table\">\r\n                    <div class=\"d-table-cell\">\r\n                        <div class=\"container-fluid\">\r\n                            <div class=\"row\">\r\n                                <div class=\"col-lg-6\">\r\n                                    <div class=\"banner-text\">\r\n                                        <span class=\"wow fadeInDown\" data-wow-delay=\".1s\">\r\n                                            SocialSmartTV                                        <\/span>\r\n                                        <h1 class=\"wow fadeInLeft\" data-wow-delay=\".1s\">\r\n                                            Canl\u0131 Ak\u0131\u015f\u0131n\u0131z Tek Tu\u015fla T\u00fcm Sosyal Platformlarda...                                        <\/h1>\r\n                                        <p class=\"wow fadeInRight\" data-wow-delay=\".1s\">\r\n                                            Facebook, Youtube, Twitter, Twitch, Linkedin, Custom RTMP,  tik tok                                        <\/p>\r\n                                        \r\n                                                                                    <div class=\"banner-btn-wrap wow fadeInUp\" data-wow-delay=\".1s\">\r\n                                                                                                    <a href=\"\/login.php\"  target=\"_blank\"  rel=\"nofollow\" class=\"sceo-default-btn\">Giri\u015f Yap<\/a>\r\n                                                                                                                                                    <a href=\"https:\/\/socialsmart.tv\/home\/contact\/\"   class=\"sceo-default-btn active\">\u0130leti\u015fime Ge\u00e7<\/a>\r\n                                                                                            <\/div>\r\n                                                                            <\/div>\r\n                                <\/div>\r\n\r\n                                <div class=\"col-lg-6\">\r\n                                    <div class=\"banner-main-img-wrap\">\r\n                                        <div class=\"banner-main-img\">\r\n                                                                                    <\/div>\r\n                                        <div class=\"banner-img\">\r\n                                            <img decoding=\"async\" class=\"wow zoomIn\" data-wow-delay=\".1s\" src=\"https:\/\/socialsmart.tv\/home\/wp-content\/plugins\/sceo-extension\/el-widgets\/..\/includes\/img\/home-one-banner-img\/1.png\" alt=\"Image\">\r\n                                            <img decoding=\"async\" class=\"wow fadeInUp\" data-wow-delay=\".9s\" src=\"https:\/\/socialsmart.tv\/home\/wp-content\/plugins\/sceo-extension\/el-widgets\/..\/includes\/img\/home-one-banner-img\/2.png\" alt=\"Image\">\r\n                                            <img decoding=\"async\" class=\"wow fadeInLeft\" data-wow-delay=\".9s\" src=\"https:\/\/socialsmart.tv\/home\/wp-content\/plugins\/sceo-extension\/el-widgets\/..\/includes\/img\/home-one-banner-img\/3.png\" alt=\"Image\">\r\n                                            <img decoding=\"async\" class=\"wow zoomIn\" data-wow-delay=\".4s\" src=\"https:\/\/socialsmart.tv\/home\/wp-content\/plugins\/sceo-extension\/el-widgets\/..\/includes\/img\/home-one-banner-img\/4.png\" alt=\"Image\">\r\n                                            <img decoding=\"async\" class=\"wow zoomIn\" data-wow-delay=\".5s\" src=\"https:\/\/socialsmart.tv\/home\/wp-content\/plugins\/sceo-extension\/el-widgets\/..\/includes\/img\/home-one-banner-img\/5.png\" alt=\"Image\">\r\n                                            <img decoding=\"async\" class=\"wow zoomIn\" data-wow-delay=\".6s\" src=\"https:\/\/socialsmart.tv\/home\/wp-content\/plugins\/sceo-extension\/el-widgets\/..\/includes\/img\/home-one-banner-img\/6.png\" alt=\"Image\">\r\n                                            <img decoding=\"async\" class=\"wow zoomIn\" data-wow-delay=\".7s\" src=\"https:\/\/socialsmart.tv\/home\/wp-content\/plugins\/sceo-extension\/el-widgets\/..\/includes\/img\/home-one-banner-img\/7.png\" alt=\"Image\">\r\n                                            <img decoding=\"async\" class=\"wow zoomIn\" data-wow-delay=\".8s\" src=\"https:\/\/socialsmart.tv\/home\/wp-content\/plugins\/sceo-extension\/el-widgets\/..\/includes\/img\/home-one-banner-img\/8.png\" alt=\"Image\">\r\n                                            <img decoding=\"async\" class=\"wow zoomIn\" data-wow-delay=\".9s\" src=\"https:\/\/socialsmart.tv\/home\/wp-content\/plugins\/sceo-extension\/el-widgets\/..\/includes\/img\/home-one-banner-img\/9.png\" alt=\"Image\">\r\n                                        <\/div>\r\n                                    <\/div>\r\n                                <\/div>\r\n                            <\/div>\r\n                        <\/div>\r\n                    <\/div>\r\n                <\/div>\r\n                <div class=\"shape1\">\r\n                    <img decoding=\"async\" src=\"https:\/\/socialsmart.tv\/home\/wp-content\/plugins\/sceo-extension\/el-widgets\/..\/includes\/img\/shape1.png\" alt=\"shape\">\r\n                <\/div>\r\n                <div class=\"shape2 rotateme\">\r\n                    <img decoding=\"async\" src=\"https:\/\/socialsmart.tv\/home\/wp-content\/plugins\/sceo-extension\/el-widgets\/..\/includes\/img\/shape2.svg\" alt=\"shape\">\r\n                <\/div>\r\n                <div class=\"shape3\">\r\n                    <img decoding=\"async\" src=\"https:\/\/socialsmart.tv\/home\/wp-content\/plugins\/sceo-extension\/el-widgets\/..\/includes\/img\/shape3.svg\" alt=\"shape\">\r\n                <\/div>\r\n                <div class=\"shape4\">\r\n                    <img decoding=\"async\" src=\"https:\/\/socialsmart.tv\/home\/wp-content\/plugins\/sceo-extension\/el-widgets\/..\/includes\/img\/shape4.svg\" alt=\"shape\">\r\n                <\/div>\r\n                <div class=\"shape5\">\r\n                    <img decoding=\"async\" src=\"https:\/\/socialsmart.tv\/home\/wp-content\/plugins\/sceo-extension\/el-widgets\/..\/includes\/img\/shape5.png\" alt=\"shape\">\r\n                <\/div>\r\n                <div class=\"shape6 rotateme\">\r\n                    <img decoding=\"async\" src=\"https:\/\/socialsmart.tv\/home\/wp-content\/plugins\/sceo-extension\/el-widgets\/..\/includes\/img\/shape4.svg\" alt=\"shape\">\r\n                <\/div>\r\n                <div class=\"shape7\">\r\n                    <img decoding=\"async\" src=\"https:\/\/socialsmart.tv\/home\/wp-content\/plugins\/sceo-extension\/el-widgets\/..\/includes\/img\/shape4.svg\" alt=\"shape\">\r\n                <\/div>\r\n                <div class=\"shape8 rotateme\">\r\n                    <img decoding=\"async\" src=\"https:\/\/socialsmart.tv\/home\/wp-content\/plugins\/sceo-extension\/el-widgets\/..\/includes\/img\/shape2.svg\" alt=\"shape\">\r\n                <\/div>\r\n                <style>\r\n                    .banner-area.banner-area-one::before {\r\n                        background-image: url(https:\/\/socialsmart.tv\/home\/wp-content\/uploads\/2021\/11\/wave-bg3.png);\r\n                    }\r\n                <\/style>\r\n            <\/section>\r\n            <!-- END BANNER ONE AREA -->\r\n\r\n        \t\t\t\t<\/div>\n\t\t\t\t<\/div>\n\t\t\t\t\t<\/div>\n\t\t<\/div>\n\t\t\t\t\t<\/div>\n\t\t<\/section>\n\t\t\t\t<section class=\"elementor-section elementor-top-section elementor-element elementor-element-6f09b8a3 elementor-section-full_width elementor-section-height-default elementor-section-height-default\" data-id=\"6f09b8a3\" data-element_type=\"section\">\n\t\t\t\t\t\t<div class=\"elementor-container elementor-column-gap-no\">\n\t\t\t\t\t<div class=\"elementor-column elementor-col-100 elementor-top-column elementor-element elementor-element-62ed3cf9\" data-id=\"62ed3cf9\" data-element_type=\"column\">\n\t\t\t<div class=\"elementor-widget-wrap elementor-element-populated\">\n\t\t\t\t\t\t<div class=\"elementor-element elementor-element-35f50acb elementor-widget elementor-widget-about-us\" data-id=\"35f50acb\" data-element_type=\"widget\" data-widget_type=\"about-us.default\">\n\t\t\t\t<div class=\"elementor-widget-container\">\n\t\t\t\t\t\r\n        <!-- About Button Link -->\r\n                \r\n                    <!-- START ABOUT AREA -->\r\n            <section class=\"about-area ptb-70\">\r\n                <div class=\"container\">\r\n                    <div class=\"row align-items-center\">\r\n                        <div class=\"col-lg-6\">\r\n                            <div class=\"about-text\">\r\n                                <span class=\"top-title\">Hizmet Hakk\u0131nda<\/span>\r\n                                <h2>Bir\u00e7ok Sosyal Medya Platformunda Canl\u0131 Yay\u0131n <\/h2>\r\n                                <p><h4>Tek tu\u015f ile bir\u00e7ok platformda canl\u0131 yay\u0131n imkan\u0131<\/h4>\n\t\t\t\t\t\t\t<p>Sosyal platformlardaki yay\u0131nlar\u0131n\u0131z\u0131 ek donan\u0131m gerektirmeden tek bir yerden y\u00f6netebilirsiniz. <\/p><p>Kay\u0131t \u00f6zelli\u011fimiz sayesinde canl\u0131 program\u0131n\u0131z\u0131 e\u015f zamanl\u0131 kaydedebilir, program sonunda .mp4 format\u0131nda download edebilirsiniz. Bir nevi online kay\u0131t\u00e7\u0131 \u00f6zelli\u011fine sahip olursunuz. .<\/p><\/p>\r\n                               \r\n                                <!-- Button Part Start --> \r\n                                                                    <a href=\"https:\/\/socialsmart.tv\/home\/contact\/\"   class=\"sceo-default-btn\">\u0130leti\u015fime Ge\u00e7<\/a>\r\n                                                                <!-- Button Part End -->\r\n\r\n                            <\/div>\r\n                        <\/div>\r\n\r\n                        <div class=\"col-lg-6\">\r\n                            <div class=\"about-img mt-0\">\r\n                                                                    <img decoding=\"async\" src=\"https:\/\/socialsmart.tv\/home\/wp-content\/uploads\/2022\/02\/1111.png\" alt=\"Image\">\r\n                                                            <\/div>\r\n                        <\/div>\r\n                    <\/div>\r\n                <\/div>\r\n            <\/section>\r\n            <!-- END ABOUT AREA -->\r\n                \r\n        \t\t\t\t<\/div>\n\t\t\t\t<\/div>\n\t\t\t\t\t<\/div>\n\t\t<\/div>\n\t\t\t\t\t<\/div>\n\t\t<\/section>\n\t\t\t\t<section class=\"elementor-section elementor-top-section elementor-element elementor-element-750c4d6b elementor-section-full_width elementor-section-height-default elementor-section-height-default\" data-id=\"750c4d6b\" data-element_type=\"section\">\n\t\t\t\t\t\t<div class=\"elementor-container elementor-column-gap-no\">\n\t\t\t\t\t<div class=\"elementor-column elementor-col-100 elementor-top-column elementor-element elementor-element-7ae64636\" data-id=\"7ae64636\" data-element_type=\"column\">\n\t\t\t<div class=\"elementor-widget-wrap elementor-element-populated\">\n\t\t\t\t\t\t<div class=\"elementor-element elementor-element-1d8ecf4d elementor-widget elementor-widget-company\" data-id=\"1d8ecf4d\" data-element_type=\"widget\" data-widget_type=\"company.default\">\n\t\t\t\t<div class=\"elementor-widget-container\">\n\t\t\t\t\t        \r\n                    <!-- START PARTNER AREA -->\r\n            <section class=\"partner-area ptb-70\">\r\n                <div class=\"container\">\r\n                    <div class=\"row\">\r\n                        <div class=\"partner-wrap owl-carousel owl-theme\">\r\n                                                            <div class=\"partner-item\">\r\n                                                                        <a class=\"partner-overly\" href=\"#\"  >\r\n                                                                                    <img decoding=\"async\" src=\"https:\/\/socialsmart.tv\/home\/wp-content\/uploads\/2022\/02\/tv41-e1645867159369.png\" alt=\"image\">\r\n                                                                            <\/a>\r\n                                <\/div>\r\n                                                            <div class=\"partner-item\">\r\n                                                                        <a class=\"partner-overly\" href=\"#\"  >\r\n                                                                                    <img decoding=\"async\" src=\"https:\/\/socialsmart.tv\/home\/wp-content\/uploads\/2022\/02\/tv35-e1645867178669.png\" alt=\"image\">\r\n                                                                            <\/a>\r\n                                <\/div>\r\n                                                            <div class=\"partner-item\">\r\n                                                                        <a class=\"partner-overly\" href=\"#\"  >\r\n                                                                                    <img decoding=\"async\" src=\"https:\/\/socialsmart.tv\/home\/wp-content\/uploads\/2022\/02\/tekrumelitv-e1645867202126.png\" alt=\"image\">\r\n                                                                            <\/a>\r\n                                <\/div>\r\n                                                            <div class=\"partner-item\">\r\n                                                                        <a class=\"partner-overly\" href=\"#\"  >\r\n                                                                                    <img decoding=\"async\" src=\"https:\/\/socialsmart.tv\/home\/wp-content\/uploads\/2022\/02\/olaytv-e1645867229782.png\" alt=\"image\">\r\n                                                                            <\/a>\r\n                                <\/div>\r\n                                                            <div class=\"partner-item\">\r\n                                                                        <a class=\"partner-overly\" href=\"#\"  >\r\n                                                                                    <img decoding=\"async\" src=\"https:\/\/socialsmart.tv\/home\/wp-content\/uploads\/2022\/02\/kanalz-e1645867258798.png\" alt=\"image\">\r\n                                                                            <\/a>\r\n                                <\/div>\r\n                                                            <div class=\"partner-item\">\r\n                                                                        <a class=\"partner-overly\" href=\"#\"  >\r\n                                                                                    <img decoding=\"async\" src=\"https:\/\/socialsmart.tv\/home\/wp-content\/uploads\/2022\/02\/kanalv-e1645867285667.png\" alt=\"image\">\r\n                                                                            <\/a>\r\n                                <\/div>\r\n                                                            <div class=\"partner-item\">\r\n                                                                        <a class=\"partner-overly\" href=\"#\"  >\r\n                                                                                    <img decoding=\"async\" src=\"https:\/\/socialsmart.tv\/home\/wp-content\/uploads\/2022\/02\/kanalfirat-e1645867308923.png\" alt=\"image\">\r\n                                                                            <\/a>\r\n                                <\/div>\r\n                                                            <div class=\"partner-item\">\r\n                                                                        <a class=\"partner-overly\" href=\"#\"  >\r\n                                                                                    <img decoding=\"async\" src=\"https:\/\/socialsmart.tv\/home\/wp-content\/uploads\/2022\/02\/kanal58-e1645867330137.png\" alt=\"image\">\r\n                                                                            <\/a>\r\n                                <\/div>\r\n                                                    <\/div>\r\n                    <\/div>\r\n                <\/div>\r\n            <\/section>\r\n            <!-- END PARTNER AREA -->\r\n        \t\t\t\t<\/div>\n\t\t\t\t<\/div>\n\t\t\t\t\t<\/div>\n\t\t<\/div>\n\t\t\t\t\t<\/div>\n\t\t<\/section>\n\t\t\t\t<section class=\"elementor-section elementor-top-section elementor-element elementor-element-5103c596 elementor-section-full_width elementor-section-height-default elementor-section-height-default\" data-id=\"5103c596\" data-element_type=\"section\">\n\t\t\t\t\t\t<div class=\"elementor-container elementor-column-gap-no\">\n\t\t\t\t\t<div class=\"elementor-column elementor-col-100 elementor-top-column elementor-element elementor-element-5a5a16c8\" data-id=\"5a5a16c8\" data-element_type=\"column\">\n\t\t\t<div class=\"elementor-widget-wrap elementor-element-populated\">\n\t\t\t\t\t\t<div class=\"elementor-element elementor-element-46036ca8 e-transform elementor-widget elementor-widget-about-us\" data-id=\"46036ca8\" data-element_type=\"widget\" data-settings=\"{&quot;_transform_scale_effect&quot;:{&quot;unit&quot;:&quot;px&quot;,&quot;size&quot;:&quot;&quot;,&quot;sizes&quot;:[]},&quot;_transform_scale_effect_tablet&quot;:{&quot;unit&quot;:&quot;px&quot;,&quot;size&quot;:&quot;&quot;,&quot;sizes&quot;:[]},&quot;_transform_scale_effect_mobile&quot;:{&quot;unit&quot;:&quot;px&quot;,&quot;size&quot;:&quot;&quot;,&quot;sizes&quot;:[]}}\" data-widget_type=\"about-us.default\">\n\t\t\t\t<div class=\"elementor-widget-container\">\n\t\t\t\t\t\r\n        <!-- About Button Link -->\r\n                \r\n                \r\n         \r\n            <!-- START COUNTER AREA -->\r\n                            <section class=\"counter-area ptb-70\">\r\n                    <div class=\"container\">\r\n                        <div class=\"row\">\r\n                                                            <div class=\"col-lg-3 col-sm-6\">\r\n                                    <div class=\"single-counter\">\r\n                                                                                <h2>\r\n                                            <span class=\"odometer\" data-count=\"150\">00<\/span> \r\n                                            <span class=\"target\">+<\/span>\r\n                                        <\/h2>\r\n                                        <p>TV<\/p>\r\n                                    <\/div>\r\n                                <\/div>\r\n                                                            <div class=\"col-lg-3 col-sm-6\">\r\n                                    <div class=\"single-counter\">\r\n                                                                                <h2>\r\n                                            <span class=\"odometer\" data-count=\"10000\">00<\/span> \r\n                                            <span class=\"target\">+<\/span>\r\n                                        <\/h2>\r\n                                        <p>Canl\u0131 Yay\u0131n<\/p>\r\n                                    <\/div>\r\n                                <\/div>\r\n                                                            <div class=\"col-lg-3 col-sm-6\">\r\n                                    <div class=\"single-counter\">\r\n                                                                                <h2>\r\n                                            <span class=\"odometer\" data-count=\"10000000\">00<\/span> \r\n                                            <span class=\"target\">+<\/span>\r\n                                        <\/h2>\r\n                                        <p>G\u00f6r\u00fcnt\u00fclenme<\/p>\r\n                                    <\/div>\r\n                                <\/div>\r\n                                                            <div class=\"col-lg-3 col-sm-6\">\r\n                                    <div class=\"single-counter\">\r\n                                                                                <h2>\r\n                                            <span class=\"odometer\" data-count=\"300000\">00<\/span> \r\n                                            <span class=\"target\">+<\/span>\r\n                                        <\/h2>\r\n                                        <p>Tekil \u0130zleyici<\/p>\r\n                                    <\/div>\r\n                                <\/div>\r\n                                                    <\/div>\r\n                    <\/div>\r\n                <\/section>\r\n                        <!-- END COUNTER AREA -->\r\n        \t\t\t\t<\/div>\n\t\t\t\t<\/div>\n\t\t\t\t\t<\/div>\n\t\t<\/div>\n\t\t\t\t\t<\/div>\n\t\t<\/section>\n\t\t\t\t<\/div>\n\t\t","protected":false},"excerpt":{"rendered":"<p>SocialSmartTV Canl\u0131 Ak\u0131\u015f\u0131n\u0131z Tek Tu\u015fla T\u00fcm Sosyal Platformlarda&#8230; Facebook, Youtube, Twitter, Twitch, Linkedin, Custom RTMP, tik tok Giri\u015f Yap \u0130leti\u015fime Ge\u00e7 Hizmet Hakk\u0131nda Bir\u00e7ok Sosyal Medya Platformunda Canl\u0131 Yay\u0131n Tek tu\u015f ile bir\u00e7ok platformda canl\u0131 yay\u0131n imkan\u0131 Sosyal platformlardaki yay\u0131nlar\u0131n\u0131z\u0131 ek donan\u0131m gerektirmeden tek bir yerden y\u00f6netebilirsiniz. Kay\u0131t \u00f6zelli\u011fimiz sayesinde canl\u0131 program\u0131n\u0131z\u0131 e\u015f zamanl\u0131 kaydedebilir, [&hellip;]<\/p>\n","protected":false},"author":2,"featured_media":0,"parent":0,"menu_order":0,"comment_status":"closed","ping_status":"closed","template":"elementor_header_footer","meta":{"footnotes":""},"class_list":["post-30","page","type-page","status-publish","hentry"],"_links":{"self":[{"href":"https:\/\/socialsmart.tv\/home\/wp-json\/wp\/v2\/pages\/30","targetHints":{"allow":["GET"]}}],"collection":[{"href":"https:\/\/socialsmart.tv\/home\/wp-json\/wp\/v2\/pages"}],"about":[{"href":"https:\/\/socialsmart.tv\/home\/wp-json\/wp\/v2\/types\/page"}],"author":[{"embeddable":true,"href":"https:\/\/socialsmart.tv\/home\/wp-json\/wp\/v2\/users\/2"}],"replies":[{"embeddable":true,"href":"https:\/\/socialsmart.tv\/home\/wp-json\/wp\/v2\/comments?post=30"}],"version-history":[{"count":47,"href":"https:\/\/socialsmart.tv\/home\/wp-json\/wp\/v2\/pages\/30\/revisions"}],"predecessor-version":[{"id":814,"href":"https:\/\/socialsmart.tv\/home\/wp-json\/wp\/v2\/pages\/30\/revisions\/814"}],"wp:attachment":[{"href":"https:\/\/socialsmart.tv\/home\/wp-json\/wp\/v2\/media?parent=30"}],"curies":[{"name":"wp","href":"https:\/\/api.w.org\/{rel}","templated":true}]}}